{"id":979,"date":"2020-11-21T21:47:03","date_gmt":"2020-11-21T21:47:03","guid":{"rendered":"http:\/\/localhost:8080\/?page_id=979"},"modified":"2022-03-02T07:08:06","modified_gmt":"2022-03-02T07:08:06","slug":"fai-licenses","status":"publish","type":"page","link":"https:\/\/paragliding.md\/ro\/fai-licenses\/","title":{"rendered":"Licen\u021be FAI"},"content":{"rendered":"<p>\u00cen calitate de reprezentant oficial al FAI \u00een Republica Moldova, Federa\u021bia de Parapantism semneaz\u0103 \u0219i elibereaz\u0103 toate documentele oficiale pentru membrii \u00eenregistra\u021bi - licen\u021b\u0103 FAI, card IPPI, certificat de calitate.<\/p>\n<p>Este necesar\u0103 o licen\u021b\u0103 sportiv\u0103 FAI pentru toate \u00eencerc\u0103rile de \u00eenregistrare \u0219i toate evenimentele \u0219i competi\u021biile sanc\u021bionate de FAI.<\/p>\n<p>&nbsp;<\/p>\n<p>&nbsp;<\/p>\n<p>&nbsp;<\/p>\n<p>&nbsp;<\/p>\n<p>&nbsp;<\/p>\n<p>&nbsp;<\/p>\n<p>&nbsp;<\/p>\n<p>&nbsp;<\/p>","protected":false},"excerpt":{"rendered":"<p>As an official representative of FAI in Republic of Moldova, Paragliding Federation sign and issue all official documents for registered members \u2013 FAI license, IPPI card, Quality Certificate. An FAI Sporting License is required for all record attempts and all FAI sanctioned events and competitions. &nbsp; &nbsp; &nbsp; &nbsp; &nbsp; &nbsp; &nbsp; &nbsp;<\/p>","protected":false},"author":1,"featured_media":0,"parent":0,"menu_order":0,"comment_status":"closed","ping_status":"closed","template":"brizy-blank-template.php","meta":{"_acf_changed":false,"footnotes":""},"class_list":["post-979","page","type-page","status-publish","hentry"],"acf":[],"yoast_head":"<!-- This site is optimized with the Yoast SEO plugin v18.3 - https:\/\/yoast.com\/wordpress\/plugins\/seo\/ -->\n<title>FAI Licenses - Paragliding Federation of Moldova<\/title>\n<meta name=\"robots\" content=\"index, follow, max-snippet:-1, max-image-preview:large, max-video-preview:-1\" \/>\n<link rel=\"canonical\" href=\"https:\/\/paragliding.md\/ro\/fai-licenses\/\" \/>\n<meta property=\"og:locale\" content=\"ro_RO\" \/>\n<meta property=\"og:type\" content=\"article\" \/>\n<meta property=\"og:title\" content=\"FAI Licenses - Paragliding Federation of Moldova\" \/>\n<meta property=\"og:description\" content=\"As an official representative of FAI in Republic of Moldova, Paragliding Federation sign and issue all official documents for registered members \u2013 FAI license, IPPI card, Quality Certificate. An FAI Sporting License is required for all record attempts and all FAI sanctioned events and competitions. &nbsp; &nbsp; &nbsp; &nbsp; &nbsp; &nbsp; &nbsp; &nbsp;\" \/>\n<meta property=\"og:url\" content=\"https:\/\/paragliding.md\/ro\/fai-licenses\/\" \/>\n<meta property=\"og:site_name\" content=\"Paragliding Federation of Moldova\" \/>\n<meta property=\"article:modified_time\" content=\"2022-03-02T07:08:06+00:00\" \/>\n<meta name=\"twitter:card\" content=\"summary_large_image\" \/>\n<script type=\"application\/ld+json\" class=\"yoast-schema-graph\">{\"@context\":\"https:\/\/schema.org\",\"@graph\":[{\"@type\":\"Organization\",\"@id\":\"https:\/\/paragliding.md\/#organization\",\"name\":\"Federa\u021bia de Parapantism din Moldova\",\"url\":\"https:\/\/paragliding.md\/\",\"sameAs\":[],\"logo\":{\"@type\":\"ImageObject\",\"@id\":\"https:\/\/paragliding.md\/#logo\",\"inLanguage\":\"ro-RO\",\"url\":\"https:\/\/paragliding.md\/wp-content\/uploads\/2021\/01\/paragliding-federation-favicon.png\",\"contentUrl\":\"https:\/\/paragliding.md\/wp-content\/uploads\/2021\/01\/paragliding-federation-favicon.png\",\"width\":151,\"height\":157,\"caption\":\"Federa\u021bia de Parapantism din Moldova\"},\"image\":{\"@id\":\"https:\/\/paragliding.md\/#logo\"}},{\"@type\":\"WebSite\",\"@id\":\"https:\/\/paragliding.md\/#website\",\"url\":\"https:\/\/paragliding.md\/\",\"name\":\"Paragliding Federation of Moldova\",\"description\":\"Paragliding Federation from Republic of Moldova was founded in 2002 and unites paragliding clubs and individual pilots.\",\"publisher\":{\"@id\":\"https:\/\/paragliding.md\/#organization\"},\"potentialAction\":[{\"@type\":\"SearchAction\",\"target\":{\"@type\":\"EntryPoint\",\"urlTemplate\":\"https:\/\/paragliding.md\/?s={search_term_string}\"},\"query-input\":\"required name=search_term_string\"}],\"inLanguage\":\"ro-RO\"},{\"@type\":\"WebPage\",\"@id\":\"https:\/\/paragliding.md\/fai-licenses\/#webpage\",\"url\":\"https:\/\/paragliding.md\/fai-licenses\/\",\"name\":\"FAI Licenses - Paragliding Federation of Moldova\",\"isPartOf\":{\"@id\":\"https:\/\/paragliding.md\/#website\"},\"datePublished\":\"2020-11-21T21:47:03+00:00\",\"dateModified\":\"2022-03-02T07:08:06+00:00\",\"breadcrumb\":{\"@id\":\"https:\/\/paragliding.md\/fai-licenses\/#breadcrumb\"},\"inLanguage\":\"ro-RO\",\"potentialAction\":[{\"@type\":\"ReadAction\",\"target\":[\"https:\/\/paragliding.md\/fai-licenses\/\"]}]},{\"@type\":\"BreadcrumbList\",\"@id\":\"https:\/\/paragliding.md\/fai-licenses\/#breadcrumb\",\"itemListElement\":[{\"@type\":\"ListItem\",\"position\":1,\"name\":\"Home\",\"item\":\"https:\/\/paragliding.md\/\"},{\"@type\":\"ListItem\",\"position\":2,\"name\":\"FAI Licenses\"}]}]}<\/script>\n<!-- \/ Yoast SEO plugin. -->","yoast_head_json":{"title":"FAI Licenses - Paragliding Federation of Moldova","robots":{"index":"index","follow":"follow","max-snippet":"max-snippet:-1","max-image-preview":"max-image-preview:large","max-video-preview":"max-video-preview:-1"},"canonical":"https:\/\/paragliding.md\/ro\/fai-licenses\/","og_locale":"ro_RO","og_type":"article","og_title":"FAI Licenses - Paragliding Federation of Moldova","og_description":"As an official representative of FAI in Republic of Moldova, Paragliding Federation sign and issue all official documents for registered members \u2013 FAI license, IPPI card, Quality Certificate. An FAI Sporting License is required for all record attempts and all FAI sanctioned events and competitions. &nbsp; &nbsp; &nbsp; &nbsp; &nbsp; &nbsp; &nbsp; &nbsp;","og_url":"https:\/\/paragliding.md\/ro\/fai-licenses\/","og_site_name":"Paragliding Federation of Moldova","article_modified_time":"2022-03-02T07:08:06+00:00","twitter_card":"summary_large_image","schema":{"@context":"https:\/\/schema.org","@graph":[{"@type":"Organization","@id":"https:\/\/paragliding.md\/#organization","name":"Federa\u021bia de Parapantism din Moldova","url":"https:\/\/paragliding.md\/","sameAs":[],"logo":{"@type":"ImageObject","@id":"https:\/\/paragliding.md\/#logo","inLanguage":"ro-RO","url":"https:\/\/paragliding.md\/wp-content\/uploads\/2021\/01\/paragliding-federation-favicon.png","contentUrl":"https:\/\/paragliding.md\/wp-content\/uploads\/2021\/01\/paragliding-federation-favicon.png","width":151,"height":157,"caption":"Federa\u021bia de Parapantism din Moldova"},"image":{"@id":"https:\/\/paragliding.md\/#logo"}},{"@type":"WebSite","@id":"https:\/\/paragliding.md\/#website","url":"https:\/\/paragliding.md\/","name":"Paragliding Federation of Moldova","description":"Paragliding Federation from Republic of Moldova was founded in 2002 and unites paragliding clubs and individual pilots.","publisher":{"@id":"https:\/\/paragliding.md\/#organization"},"potentialAction":[{"@type":"SearchAction","target":{"@type":"EntryPoint","urlTemplate":"https:\/\/paragliding.md\/?s={search_term_string}"},"query-input":"required name=search_term_string"}],"inLanguage":"ro-RO"},{"@type":"WebPage","@id":"https:\/\/paragliding.md\/fai-licenses\/#webpage","url":"https:\/\/paragliding.md\/fai-licenses\/","name":"FAI Licenses - Paragliding Federation of Moldova","isPartOf":{"@id":"https:\/\/paragliding.md\/#website"},"datePublished":"2020-11-21T21:47:03+00:00","dateModified":"2022-03-02T07:08:06+00:00","breadcrumb":{"@id":"https:\/\/paragliding.md\/fai-licenses\/#breadcrumb"},"inLanguage":"ro-RO","potentialAction":[{"@type":"ReadAction","target":["https:\/\/paragliding.md\/fai-licenses\/"]}]},{"@type":"BreadcrumbList","@id":"https:\/\/paragliding.md\/fai-licenses\/#breadcrumb","itemListElement":[{"@type":"ListItem","position":1,"name":"Home","item":"https:\/\/paragliding.md\/"},{"@type":"ListItem","position":2,"name":"FAI Licenses"}]}]}},"brizy_media":[],"_links":{"self":[{"href":"https:\/\/paragliding.md\/ro\/wp-json\/wp\/v2\/pages\/979"}],"collection":[{"href":"https:\/\/paragliding.md\/ro\/wp-json\/wp\/v2\/pages"}],"about":[{"href":"https:\/\/paragliding.md\/ro\/wp-json\/wp\/v2\/types\/page"}],"author":[{"embeddable":true,"href":"https:\/\/paragliding.md\/ro\/wp-json\/wp\/v2\/users\/1"}],"replies":[{"embeddable":true,"href":"https:\/\/paragliding.md\/ro\/wp-json\/wp\/v2\/comments?post=979"}],"version-history":[{"count":10,"href":"https:\/\/paragliding.md\/ro\/wp-json\/wp\/v2\/pages\/979\/revisions"}],"predecessor-version":[{"id":2770,"href":"https:\/\/paragliding.md\/ro\/wp-json\/wp\/v2\/pages\/979\/revisions\/2770"}],"wp:attachment":[{"href":"https:\/\/paragliding.md\/ro\/wp-json\/wp\/v2\/media?parent=979"}],"curies":[{"name":"wp","href":"https:\/\/api.w.org\/{rel}","templated":true}]}}