{"id":2381,"date":"2021-07-03T08:28:42","date_gmt":"2021-07-03T08:28:42","guid":{"rendered":"https:\/\/paragliding.md\/?page_id=2381"},"modified":"2023-04-28T19:30:59","modified_gmt":"2023-04-28T19:30:59","slug":"organization","status":"publish","type":"page","link":"https:\/\/paragliding.md\/ro\/documents\/organization\/","title":{"rendered":"Documente organizatorice"},"content":{"rendered":"<ul style=\"list-style-type: none;\">\n<li style=\"list-style-type: none;\">\n<ul style=\"list-style-type: none;\">\n<li style=\"vertical-align: middle; line-height: 70px;\"><img decoding=\"async\" style=\"float: left; margin-right: 20px;\" src=\"Din 22 septembrie 2023\" width=\"64\" \/><a href=\"https:\/\/drive.google.com\/file\/d\/1ORFHGPJzvFBs2lVvWy_5eGVKfhE_r_8o\/view?usp=sharing\" target=\"_blank\" rel=\"noopener\">Certificat de inregistrare<\/a><\/li>\n<li style=\"vertical-align: middle; line-height: 70px;\"><img decoding=\"async\" style=\"float: left; margin-right: 20px;\" src=\"Din 22 septembrie 2023\" width=\"64\" \/><a href=\"https:\/\/drive.google.com\/file\/d\/1iquU22ZJlZCuxiAi67RHuY2zBV0XUI8Z\/view?usp=sharing\" target=\"_blank\" rel=\"noopener\">Statutul federa\u021biei<\/a><\/li>\n<li style=\"vertical-align: middle; line-height: 70px;\"><img decoding=\"async\" style=\"float: left; margin-right: 20px;\" src=\"Din 22 septembrie 2023\" width=\"64\" \/><a href=\"https:\/\/drive.google.com\/file\/d\/1rQgruYK49HuGIRI5HelvHBwwW99LNc2x\/view?usp=sharing\" target=\"_blank\" rel=\"noopener\">Reglement\u0103rile membrilor<\/a><\/li>\n<li style=\"vertical-align: middle; line-height: 70px;\"><img decoding=\"async\" style=\"float: left; margin-right: 20px;\" src=\"Din 22 septembrie 2023\" width=\"64\" \/><a href=\"https:\/\/drive.google.com\/file\/d\/1JxsND0Lyw8Si58NK1jyYVWppk1fh1mPm\/view?usp=sharing\" target=\"_blank\" rel=\"noopener\">Contribu\u021bii \u0219i taxe ale membrilor<\/a><\/li>\n<li style=\"vertical-align: middle; line-height: 70px;\"><img decoding=\"async\" style=\"float: left; margin-right: 20px;\" src=\"Din 22 septembrie 2023\" width=\"64\" \/><a href=\"https:\/\/drive.google.com\/file\/d\/1MfubiSvNL0pQJGeaux1tSEXozov6rP4X\/view?usp=sharing\" target=\"_blank\" rel=\"noopener\">Reglement\u0103ri privind testele de competen\u021b\u0103 \u0219i calific\u0103rile PARAPRO<\/a><\/li>\n<li style=\"vertical-align: middle; line-height: 70px;\"><img decoding=\"async\" style=\"float: left; margin-right: 20px;\" src=\"Din 22 septembrie 2023\" width=\"64\" \/><a href=\"https:\/\/drive.google.com\/file\/d\/1Sv0TUvjfV5WwH-vA2S3wQ2Ni_WVB6QYX\/view?usp=sharing\" target=\"_blank\" rel=\"noopener\">Procedura de colaborare intre \u00ce.S. MOLDATSA \u015fi A.O. Federa\u0163ia de Parapantism<\/a><\/li>\n<li style=\"vertical-align: middle; line-height: 70px;\"><img decoding=\"async\" style=\"float: left; margin-right: 20px;\" src=\"Din 22 septembrie 2023\" width=\"64\" \/><a href=\"https:\/\/drive.google.com\/file\/d\/154tX3OFHMrOfVLewhgWNtcorOGP3IRBV\/view?usp=sharing\" target=\"_blank\" rel=\"noopener\">Norme Sportive<\/a><\/li>\n<li style=\"vertical-align: middle; line-height: 70px;\"><img decoding=\"async\" style=\"float: left; margin-right: 20px;\" src=\"Din 22 septembrie 2023\" width=\"64\" \/><a href=\"https:\/\/drive.google.com\/file\/d\/1jw_e1U6PJizoD_kWk0cPZiJS6ArD3WjY\/view?usp=sharing\" target=\"_blank\" rel=\"noopener\">Actualizari ale spatiului aerian din 16 May 2022<\/a><\/li>\n<li style=\"vertical-align: middle; line-height: 70px;\"><img decoding=\"async\" style=\"float: left; margin-right: 20px;\" src=\"Din 22 septembrie 2023\" width=\"64\" \/><a href=\"https:\/\/drive.google.com\/file\/d\/1HwMjFVkl95JdQXLh3wN1Hx85E13uQUNJ\/view?usp=sharing\" target=\"_blank\" rel=\"noopener\">Actualizari ale spatiului aerian din 13 Septembrie 2022<\/a><\/li>\n<li style=\"vertical-align: middle; line-height: 70px;\"><img decoding=\"async\" style=\"float: left; margin-right: 20px;\" src=\"Din 22 septembrie 2023\" width=\"64\" \/><a href=\"https:\/\/drive.google.com\/file\/d\/1LEcEjJVnA85tVZf3Suw9oDdfhF71-tXK\/view?usp=share_link\" target=\"_blank\" rel=\"noopener\">Plan inspectii 2023<\/a><\/li>\n<\/ul>\n<\/li>\n<\/ul>","protected":false},"excerpt":{"rendered":"<p>Registration certificate The statute of the federation Member regulations Member contributions and fees Regulations on proficiency tests and qualifications PARAPRO The collaboration procedure between \u00ce.S. MOLDATSA and A.O. Paragliding Federation Sports Regulations Airspace Restrictions Update from 16 May 2022 Airspace Restrictions Update from 13 September 2022 Inspections schedule 2023<\/p>","protected":false},"author":1,"featured_media":0,"parent":1954,"menu_order":0,"comment_status":"closed","ping_status":"closed","template":"","meta":{"_acf_changed":false,"footnotes":""},"class_list":["post-2381","page","type-page","status-publish","hentry"],"acf":[],"yoast_head":"<!-- This site is optimized with the Yoast SEO plugin v18.3 - https:\/\/yoast.com\/wordpress\/plugins\/seo\/ -->\n<title>Organization - Paragliding Federation of Moldova<\/title>\n<meta name=\"robots\" content=\"index, follow, max-snippet:-1, max-image-preview:large, max-video-preview:-1\" \/>\n<link rel=\"canonical\" href=\"https:\/\/paragliding.md\/ro\/documents\/organization\/\" \/>\n<meta property=\"og:locale\" content=\"ro_RO\" \/>\n<meta property=\"og:type\" content=\"article\" \/>\n<meta property=\"og:title\" content=\"Organization - Paragliding Federation of Moldova\" \/>\n<meta property=\"og:description\" content=\"Registration certificate The statute of the federation Member regulations Member contributions and fees Regulations on proficiency tests and qualifications PARAPRO The collaboration procedure between \u00ce.S. MOLDATSA and A.O. Paragliding Federation Sports Regulations Airspace Restrictions Update from 16 May 2022 Airspace Restrictions Update from 13 September 2022 Inspections schedule 2023\" \/>\n<meta property=\"og:url\" content=\"https:\/\/paragliding.md\/ro\/documents\/organization\/\" \/>\n<meta property=\"og:site_name\" content=\"Paragliding Federation of Moldova\" \/>\n<meta property=\"article:modified_time\" content=\"2023-04-28T19:30:59+00:00\" \/>\n<meta property=\"og:image\" content=\"https:\/\/paragliding.md\/wp-content\/uploads\/2021\/04\/document-file-pdf.png\" \/>\n<meta name=\"twitter:card\" content=\"summary_large_image\" \/>\n<meta name=\"twitter:label1\" content=\"Timp estimat pentru citire\" \/>\n\t<meta name=\"twitter:data1\" content=\"3 minute\" \/>\n<script type=\"application\/ld+json\" class=\"yoast-schema-graph\">{\"@context\":\"https:\/\/schema.org\",\"@graph\":[{\"@type\":\"Organization\",\"@id\":\"https:\/\/paragliding.md\/#organization\",\"name\":\"Federa\u021bia de Parapantism din Moldova\",\"url\":\"https:\/\/paragliding.md\/\",\"sameAs\":[],\"logo\":{\"@type\":\"ImageObject\",\"@id\":\"https:\/\/paragliding.md\/#logo\",\"inLanguage\":\"ro-RO\",\"url\":\"https:\/\/paragliding.md\/wp-content\/uploads\/2021\/01\/paragliding-federation-favicon.png\",\"contentUrl\":\"https:\/\/paragliding.md\/wp-content\/uploads\/2021\/01\/paragliding-federation-favicon.png\",\"width\":151,\"height\":157,\"caption\":\"Federa\u021bia de Parapantism din Moldova\"},\"image\":{\"@id\":\"https:\/\/paragliding.md\/#logo\"}},{\"@type\":\"WebSite\",\"@id\":\"https:\/\/paragliding.md\/#website\",\"url\":\"https:\/\/paragliding.md\/\",\"name\":\"Paragliding Federation of Moldova\",\"description\":\"Paragliding Federation from Republic of Moldova was founded in 2002 and unites paragliding clubs and individual pilots.\",\"publisher\":{\"@id\":\"https:\/\/paragliding.md\/#organization\"},\"potentialAction\":[{\"@type\":\"SearchAction\",\"target\":{\"@type\":\"EntryPoint\",\"urlTemplate\":\"https:\/\/paragliding.md\/?s={search_term_string}\"},\"query-input\":\"required name=search_term_string\"}],\"inLanguage\":\"ro-RO\"},{\"@type\":\"ImageObject\",\"@id\":\"https:\/\/paragliding.md\/documents\/organization\/#primaryimage\",\"inLanguage\":\"ro-RO\",\"url\":\"https:\/\/paragliding.md\/wp-content\/uploads\/2021\/04\/document-file-pdf.png\",\"contentUrl\":\"https:\/\/paragliding.md\/wp-content\/uploads\/2021\/04\/document-file-pdf.png\",\"width\":128,\"height\":128},{\"@type\":\"WebPage\",\"@id\":\"https:\/\/paragliding.md\/documents\/organization\/#webpage\",\"url\":\"https:\/\/paragliding.md\/documents\/organization\/\",\"name\":\"Organization - Paragliding Federation of Moldova\",\"isPartOf\":{\"@id\":\"https:\/\/paragliding.md\/#website\"},\"primaryImageOfPage\":{\"@id\":\"https:\/\/paragliding.md\/documents\/organization\/#primaryimage\"},\"datePublished\":\"2021-07-03T08:28:42+00:00\",\"dateModified\":\"2023-04-28T19:30:59+00:00\",\"breadcrumb\":{\"@id\":\"https:\/\/paragliding.md\/documents\/organization\/#breadcrumb\"},\"inLanguage\":\"ro-RO\",\"potentialAction\":[{\"@type\":\"ReadAction\",\"target\":[\"https:\/\/paragliding.md\/documents\/organization\/\"]}]},{\"@type\":\"BreadcrumbList\",\"@id\":\"https:\/\/paragliding.md\/documents\/organization\/#breadcrumb\",\"itemListElement\":[{\"@type\":\"ListItem\",\"position\":1,\"name\":\"Home\",\"item\":\"https:\/\/paragliding.md\/\"},{\"@type\":\"ListItem\",\"position\":2,\"name\":\"Documents\",\"item\":\"https:\/\/paragliding.md\/documents\/\"},{\"@type\":\"ListItem\",\"position\":3,\"name\":\"Organization\"}]}]}<\/script>\n<!-- \/ Yoast SEO plugin. -->","yoast_head_json":{"title":"Organization - Paragliding Federation of Moldova","robots":{"index":"index","follow":"follow","max-snippet":"max-snippet:-1","max-image-preview":"max-image-preview:large","max-video-preview":"max-video-preview:-1"},"canonical":"https:\/\/paragliding.md\/ro\/documents\/organization\/","og_locale":"ro_RO","og_type":"article","og_title":"Organization - Paragliding Federation of Moldova","og_description":"Registration certificate The statute of the federation Member regulations Member contributions and fees Regulations on proficiency tests and qualifications PARAPRO The collaboration procedure between \u00ce.S. MOLDATSA and A.O. Paragliding Federation Sports Regulations Airspace Restrictions Update from 16 May 2022 Airspace Restrictions Update from 13 September 2022 Inspections schedule 2023","og_url":"https:\/\/paragliding.md\/ro\/documents\/organization\/","og_site_name":"Paragliding Federation of Moldova","article_modified_time":"2023-04-28T19:30:59+00:00","og_image":[{"url":"https:\/\/paragliding.md\/wp-content\/uploads\/2021\/04\/document-file-pdf.png"}],"twitter_card":"summary_large_image","twitter_misc":{"Timp estimat pentru citire":"3 minute"},"schema":{"@context":"https:\/\/schema.org","@graph":[{"@type":"Organization","@id":"https:\/\/paragliding.md\/#organization","name":"Federa\u021bia de Parapantism din Moldova","url":"https:\/\/paragliding.md\/","sameAs":[],"logo":{"@type":"ImageObject","@id":"https:\/\/paragliding.md\/#logo","inLanguage":"ro-RO","url":"https:\/\/paragliding.md\/wp-content\/uploads\/2021\/01\/paragliding-federation-favicon.png","contentUrl":"https:\/\/paragliding.md\/wp-content\/uploads\/2021\/01\/paragliding-federation-favicon.png","width":151,"height":157,"caption":"Federa\u021bia de Parapantism din Moldova"},"image":{"@id":"https:\/\/paragliding.md\/#logo"}},{"@type":"WebSite","@id":"https:\/\/paragliding.md\/#website","url":"https:\/\/paragliding.md\/","name":"Paragliding Federation of Moldova","description":"Paragliding Federation from Republic of Moldova was founded in 2002 and unites paragliding clubs and individual pilots.","publisher":{"@id":"https:\/\/paragliding.md\/#organization"},"potentialAction":[{"@type":"SearchAction","target":{"@type":"EntryPoint","urlTemplate":"https:\/\/paragliding.md\/?s={search_term_string}"},"query-input":"required name=search_term_string"}],"inLanguage":"ro-RO"},{"@type":"ImageObject","@id":"https:\/\/paragliding.md\/documents\/organization\/#primaryimage","inLanguage":"ro-RO","url":"https:\/\/paragliding.md\/wp-content\/uploads\/2021\/04\/document-file-pdf.png","contentUrl":"https:\/\/paragliding.md\/wp-content\/uploads\/2021\/04\/document-file-pdf.png","width":128,"height":128},{"@type":"WebPage","@id":"https:\/\/paragliding.md\/documents\/organization\/#webpage","url":"https:\/\/paragliding.md\/documents\/organization\/","name":"Organization - Paragliding Federation of Moldova","isPartOf":{"@id":"https:\/\/paragliding.md\/#website"},"primaryImageOfPage":{"@id":"https:\/\/paragliding.md\/documents\/organization\/#primaryimage"},"datePublished":"2021-07-03T08:28:42+00:00","dateModified":"2023-04-28T19:30:59+00:00","breadcrumb":{"@id":"https:\/\/paragliding.md\/documents\/organization\/#breadcrumb"},"inLanguage":"ro-RO","potentialAction":[{"@type":"ReadAction","target":["https:\/\/paragliding.md\/documents\/organization\/"]}]},{"@type":"BreadcrumbList","@id":"https:\/\/paragliding.md\/documents\/organization\/#breadcrumb","itemListElement":[{"@type":"ListItem","position":1,"name":"Home","item":"https:\/\/paragliding.md\/"},{"@type":"ListItem","position":2,"name":"Documents","item":"https:\/\/paragliding.md\/documents\/"},{"@type":"ListItem","position":3,"name":"Organization"}]}]}},"brizy_media":[],"_links":{"self":[{"href":"https:\/\/paragliding.md\/ro\/wp-json\/wp\/v2\/pages\/2381"}],"collection":[{"href":"https:\/\/paragliding.md\/ro\/wp-json\/wp\/v2\/pages"}],"about":[{"href":"https:\/\/paragliding.md\/ro\/wp-json\/wp\/v2\/types\/page"}],"author":[{"embeddable":true,"href":"https:\/\/paragliding.md\/ro\/wp-json\/wp\/v2\/users\/1"}],"replies":[{"embeddable":true,"href":"https:\/\/paragliding.md\/ro\/wp-json\/wp\/v2\/comments?post=2381"}],"version-history":[{"count":12,"href":"https:\/\/paragliding.md\/ro\/wp-json\/wp\/v2\/pages\/2381\/revisions"}],"predecessor-version":[{"id":3304,"href":"https:\/\/paragliding.md\/ro\/wp-json\/wp\/v2\/pages\/2381\/revisions\/3304"}],"up":[{"embeddable":true,"href":"https:\/\/paragliding.md\/ro\/wp-json\/wp\/v2\/pages\/1954"}],"wp:attachment":[{"href":"https:\/\/paragliding.md\/ro\/wp-json\/wp\/v2\/media?parent=2381"}],"curies":[{"name":"wp","href":"https:\/\/api.w.org\/{rel}","templated":true}]}}